{"id":2635,"date":"2022-03-21T09:17:55","date_gmt":"2022-03-21T09:17:55","guid":{"rendered":"http:\/\/yccf.it\/la-storia\/"},"modified":"2023-06-07T14:40:24","modified_gmt":"2023-06-07T14:40:24","slug":"la-storia","status":"publish","type":"page","link":"http:\/\/yccf.it\/fr\/la-storia\/","title":{"rendered":"Histoire"},"content":{"rendered":"\t\t<div data-elementor-type=\"wp-page\" data-elementor-id=\"2635\" class=\"elementor elementor-2635 elementor-31\" data-elementor-post-type=\"page\">\n\t\t\t\t\t\t<section class=\"elementor-section elementor-top-section elementor-element elementor-element-4d5e404 elementor-section-height-min-height elementor-section-items-stretch elementor-section-content-middle elementor-section-boxed elementor-section-height-default\" data-id=\"4d5e404\" data-element_type=\"section\">\n\t\t\t\t\t\t<div class=\"elementor-container elementor-column-gap-no\">\n\t\t\t\t\t<div class=\"elementor-column elementor-col-50 elementor-top-column elementor-element elementor-element-36283d7\" data-id=\"36283d7\" data-element_type=\"column\" data-settings=\"{&quot;background_background&quot;:&quot;classic&quot;}\">\n\t\t\t<div class=\"elementor-widget-wrap elementor-element-populated\">\n\t\t\t\t\t\t<div class=\"elementor-element elementor-element-60a13d1 elementor-hidden-desktop elementor-widget elementor-widget-image\" data-id=\"60a13d1\" data-element_type=\"widget\" data-widget_type=\"image.default\">\n\t\t\t\t<div class=\"elementor-widget-container\">\n\t\t\t\t\t\t\t\t\t\t\t\t\t\t\t<img fetchpriority=\"high\" decoding=\"async\" width=\"612\" height=\"492\" src=\"http:\/\/yccf.it\/wp-content\/uploads\/2022\/04\/Yacht-club-Cala-del-forte_storia.jpg\" class=\"attachment-full size-full wp-image-2451\" alt=\"\" \/>\t\t\t\t\t\t\t\t\t\t\t\t\t\t\t<\/div>\n\t\t\t\t<\/div>\n\t\t\t\t\t<\/div>\n\t\t<\/div>\n\t\t\t\t<div class=\"elementor-column elementor-col-50 elementor-top-column elementor-element elementor-element-835c0c2\" data-id=\"835c0c2\" data-element_type=\"column\" data-settings=\"{&quot;background_background&quot;:&quot;classic&quot;}\">\n\t\t\t<div class=\"elementor-widget-wrap elementor-element-populated\">\n\t\t\t\t\t\t<div class=\"elementor-element elementor-element-31ab678 elementor-widget elementor-widget-heading\" data-id=\"31ab678\" data-element_type=\"widget\" data-widget_type=\"heading.default\">\n\t\t\t\t<div class=\"elementor-widget-container\">\n\t\t\t\t\t<h5 class=\"elementor-heading-title elementor-size-default\">Le Club<\/h5>\t\t\t\t<\/div>\n\t\t\t\t<\/div>\n\t\t\t\t<div class=\"elementor-element elementor-element-6c6d1c2 elementor-widget elementor-widget-heading\" data-id=\"6c6d1c2\" data-element_type=\"widget\" data-widget_type=\"heading.default\">\n\t\t\t\t<div class=\"elementor-widget-container\">\n\t\t\t\t\t<h3 class=\"elementor-heading-title elementor-size-default\">Notre Histoire<\/h3>\t\t\t\t<\/div>\n\t\t\t\t<\/div>\n\t\t\t\t<div class=\"elementor-element elementor-element-70088dd elementor-widget elementor-widget-text-editor\" data-id=\"70088dd\" data-element_type=\"widget\" data-widget_type=\"text-editor.default\">\n\t\t\t\t<div class=\"elementor-widget-container\">\n\t\t\t\t\t\t\t\t\t<p>Le Club Notre Histoire Le Yacht Club Cala del Forte a \u00e9t\u00e9 cr\u00e9\u00e9 en <strong>2012<\/strong> en tant qu&rsquo;<strong>Association Sportive Amateur<\/strong> par vingt-et-un membres fondateurs dans le but de promouvoir l&rsquo;histoire, la tradition et la culture nautique, ainsi que le d\u00e9veloppement de la navigation \u00e0 voile et \u00e0 moteur, de la p\u00eache sportive, de la plong\u00e9e sous-marine et de tous les sports nautiques en g\u00e9n\u00e9ral, en favorisant les \u00e9changes entre les membres, leurs familles et des tiers. En raison des longs d\u00e9lais de construction du port de Ventimiglia, quelques ann\u00e9es plus tard, les activit\u00e9s de notre club ont \u00e9t\u00e9 suspendues volontairement et avec l&rsquo;accord de tous ses membres.<\/p>\t\t\t\t\t\t\t\t<\/div>\n\t\t\t\t<\/div>\n\t\t\t\t\t<\/div>\n\t\t<\/div>\n\t\t\t\t\t<\/div>\n\t\t<\/section>\n\t\t\t\t<section class=\"elementor-section elementor-top-section elementor-element elementor-element-f61cea2 elementor-section-height-min-height elementor-section-items-stretch elementor-reverse-mobile elementor-reverse-tablet elementor-section-boxed elementor-section-height-default\" data-id=\"f61cea2\" data-element_type=\"section\">\n\t\t\t\t\t\t<div class=\"elementor-container elementor-column-gap-no\">\n\t\t\t\t\t<div class=\"elementor-column elementor-col-50 elementor-top-column elementor-element elementor-element-cf87e4c\" data-id=\"cf87e4c\" data-element_type=\"column\" data-settings=\"{&quot;background_background&quot;:&quot;classic&quot;}\">\n\t\t\t<div class=\"elementor-widget-wrap elementor-element-populated\">\n\t\t\t\t\t\t<div class=\"elementor-element elementor-element-7716536 elementor-widget elementor-widget-heading\" data-id=\"7716536\" data-element_type=\"widget\" data-widget_type=\"heading.default\">\n\t\t\t\t<div class=\"elementor-widget-container\">\n\t\t\t\t\t<h3 class=\"elementor-heading-title elementor-size-default\">L\u2019Association<\/h3>\t\t\t\t<\/div>\n\t\t\t\t<\/div>\n\t\t\t\t<div class=\"elementor-element elementor-element-8f54337 elementor-widget elementor-widget-text-editor\" data-id=\"8f54337\" data-element_type=\"widget\" data-widget_type=\"text-editor.default\">\n\t\t\t\t<div class=\"elementor-widget-container\">\n\t\t\t\t\t\t\t\t\t<p>L&rsquo;Association Enfin, \u00e0 l&rsquo;\u00e9t\u00e9 2021, avec l&rsquo;inauguration et l&rsquo;ouverture du port de Cala del Forte, les activit\u00e9s de notre association ont repris avec vigueur, renforc\u00e9es par une augmentation rapide du nombre de nouveaux membres italiens et \u00e9trangers.<\/p>\t\t\t\t\t\t\t\t<\/div>\n\t\t\t\t<\/div>\n\t\t\t\t\t<\/div>\n\t\t<\/div>\n\t\t\t\t<div class=\"elementor-column elementor-col-50 elementor-top-column elementor-element elementor-element-f4c62bb\" data-id=\"f4c62bb\" data-element_type=\"column\" data-settings=\"{&quot;background_background&quot;:&quot;classic&quot;}\">\n\t\t\t<div class=\"elementor-widget-wrap elementor-element-populated\">\n\t\t\t\t\t\t<div class=\"elementor-element elementor-element-cc5a9c2 elementor-hidden-desktop elementor-widget elementor-widget-image\" data-id=\"cc5a9c2\" data-element_type=\"widget\" data-widget_type=\"image.default\">\n\t\t\t\t<div class=\"elementor-widget-container\">\n\t\t\t\t\t\t\t\t\t\t\t\t\t\t\t<img decoding=\"async\" width=\"1224\" height=\"900\" src=\"http:\/\/yccf.it\/wp-content\/uploads\/2022\/03\/245845367_161106632892794_8280407068189975601_n@2x.jpg\" class=\"attachment-full size-full wp-image-2325\" alt=\"\" srcset=\"http:\/\/yccf.it\/wp-content\/uploads\/2022\/03\/245845367_161106632892794_8280407068189975601_n@2x.jpg 1224w, http:\/\/yccf.it\/wp-content\/uploads\/2022\/03\/245845367_161106632892794_8280407068189975601_n@2x-300x221.jpg 300w, http:\/\/yccf.it\/wp-content\/uploads\/2022\/03\/245845367_161106632892794_8280407068189975601_n@2x-1024x753.jpg 1024w, http:\/\/yccf.it\/wp-content\/uploads\/2022\/03\/245845367_161106632892794_8280407068189975601_n@2x-768x565.jpg 768w\" sizes=\"(max-width: 1224px) 100vw, 1224px\" \/>\t\t\t\t\t\t\t\t\t\t\t\t\t\t\t<\/div>\n\t\t\t\t<\/div>\n\t\t\t\t\t<\/div>\n\t\t<\/div>\n\t\t\t\t\t<\/div>\n\t\t<\/section>\n\t\t\t\t<\/div>\n\t\t","protected":false},"excerpt":{"rendered":"<p>Le Club Notre Histoire Le Club Notre Histoire Le Yacht Club Cala del Forte a \u00e9t\u00e9 cr\u00e9\u00e9 en 2012 en tant qu&rsquo;Association Sportive Amateur par vingt-et-un membres fondateurs dans le but de promouvoir l&rsquo;histoire, la tradition et la culture nautique, ainsi que le d\u00e9veloppement de la navigation \u00e0 voile et \u00e0 moteur, de la p\u00eache [&hellip;]<\/p>\n","protected":false},"author":1,"featured_media":0,"parent":0,"menu_order":0,"comment_status":"closed","ping_status":"closed","template":"elementor_header_footer","meta":{"_acf_changed":false,"footnotes":""},"class_list":["post-2635","page","type-page","status-publish","hentry"],"acf":[],"_links":{"self":[{"href":"http:\/\/yccf.it\/fr\/wp-json\/wp\/v2\/pages\/2635","targetHints":{"allow":["GET"]}}],"collection":[{"href":"http:\/\/yccf.it\/fr\/wp-json\/wp\/v2\/pages"}],"about":[{"href":"http:\/\/yccf.it\/fr\/wp-json\/wp\/v2\/types\/page"}],"author":[{"embeddable":true,"href":"http:\/\/yccf.it\/fr\/wp-json\/wp\/v2\/users\/1"}],"replies":[{"embeddable":true,"href":"http:\/\/yccf.it\/fr\/wp-json\/wp\/v2\/comments?post=2635"}],"version-history":[{"count":0,"href":"http:\/\/yccf.it\/fr\/wp-json\/wp\/v2\/pages\/2635\/revisions"}],"wp:attachment":[{"href":"http:\/\/yccf.it\/fr\/wp-json\/wp\/v2\/media?parent=2635"}],"curies":[{"name":"wp","href":"https:\/\/api.w.org\/{rel}","templated":true}]}}