{"id":2648,"date":"2022-03-21T09:18:36","date_gmt":"2022-03-21T09:18:36","guid":{"rendered":"http:\/\/yccf.it\/sede-sociale\/"},"modified":"2023-06-07T14:50:59","modified_gmt":"2023-06-07T14:50:59","slug":"sede-sociale","status":"publish","type":"page","link":"http:\/\/yccf.it\/fr\/sede-sociale\/","title":{"rendered":"Siege Social"},"content":{"rendered":"\t\t<div data-elementor-type=\"wp-page\" data-elementor-id=\"2648\" class=\"elementor elementor-2648 elementor-38\" data-elementor-post-type=\"page\">\n\t\t\t\t\t\t<section class=\"elementor-section elementor-top-section elementor-element elementor-element-11dddb4 elementor-section-content-middle elementor-section-boxed elementor-section-height-default elementor-section-height-default\" data-id=\"11dddb4\" data-element_type=\"section\">\n\t\t\t\t\t\t<div class=\"elementor-container elementor-column-gap-wide\">\n\t\t\t\t\t<div class=\"elementor-column elementor-col-100 elementor-top-column elementor-element elementor-element-6541645\" data-id=\"6541645\" data-element_type=\"column\">\n\t\t\t<div class=\"elementor-widget-wrap elementor-element-populated\">\n\t\t\t\t\t\t<div class=\"elementor-element elementor-element-0c2cf8f elementor-widget elementor-widget-heading\" data-id=\"0c2cf8f\" data-element_type=\"widget\" data-widget_type=\"heading.default\">\n\t\t\t\t<div class=\"elementor-widget-container\">\n\t\t\t\t\t<h5 class=\"elementor-heading-title elementor-size-default\">Le Club<\/h5>\t\t\t\t<\/div>\n\t\t\t\t<\/div>\n\t\t\t\t<div class=\"elementor-element elementor-element-26267e9 elementor-widget elementor-widget-heading\" data-id=\"26267e9\" data-element_type=\"widget\" data-widget_type=\"heading.default\">\n\t\t\t\t<div class=\"elementor-widget-container\">\n\t\t\t\t\t<h2 class=\"elementor-heading-title elementor-size-default\">Le Siege Social<\/h2>\t\t\t\t<\/div>\n\t\t\t\t<\/div>\n\t\t\t\t<div class=\"elementor-element elementor-element-8983af4 elementor-widget elementor-widget-text-editor\" data-id=\"8983af4\" data-element_type=\"widget\" data-widget_type=\"text-editor.default\">\n\t\t\t\t<div class=\"elementor-widget-container\">\n\t\t\t\t\t\t\t\t\t<p>Le Club Le Si\u00e8ge social Le si\u00e8ge se trouve \u00e0 l&rsquo;int\u00e9rieur du port de <strong>Cala del Forte<\/strong>, sur le quai commercial pr\u00e8s du chantier naval.<\/p>\t\t\t\t\t\t\t\t<\/div>\n\t\t\t\t<\/div>\n\t\t\t\t\t<\/div>\n\t\t<\/div>\n\t\t\t\t\t<\/div>\n\t\t<\/section>\n\t\t\t\t<section class=\"elementor-section elementor-top-section elementor-element elementor-element-b7ec323 elementor-section-boxed elementor-section-height-default elementor-section-height-default\" data-id=\"b7ec323\" data-element_type=\"section\">\n\t\t\t\t\t\t<div class=\"elementor-container elementor-column-gap-narrow\">\n\t\t\t\t\t<div class=\"elementor-column elementor-col-50 elementor-top-column elementor-element elementor-element-28f089d\" data-id=\"28f089d\" data-element_type=\"column\">\n\t\t\t<div class=\"elementor-widget-wrap elementor-element-populated\">\n\t\t\t\t\t\t<div class=\"elementor-element elementor-element-d15db1e elementor-widget elementor-widget-image\" data-id=\"d15db1e\" data-element_type=\"widget\" data-widget_type=\"image.default\">\n\t\t\t\t<div class=\"elementor-widget-container\">\n\t\t\t\t\t\t\t\t\t\t\t\t\t\t\t<img fetchpriority=\"high\" decoding=\"async\" width=\"800\" height=\"600\" src=\"http:\/\/yccf.it\/wp-content\/uploads\/2023\/06\/Yacht-club-Cala-del-forte_interno.jpg\" class=\"attachment-full size-full wp-image-4753\" alt=\"\" srcset=\"http:\/\/yccf.it\/wp-content\/uploads\/2023\/06\/Yacht-club-Cala-del-forte_interno.jpg 800w, http:\/\/yccf.it\/wp-content\/uploads\/2023\/06\/Yacht-club-Cala-del-forte_interno-640x480.jpg 640w, http:\/\/yccf.it\/wp-content\/uploads\/2023\/06\/Yacht-club-Cala-del-forte_interno-768x576.jpg 768w\" sizes=\"(max-width: 800px) 100vw, 800px\" \/>\t\t\t\t\t\t\t\t\t\t\t\t\t\t\t<\/div>\n\t\t\t\t<\/div>\n\t\t\t\t\t<\/div>\n\t\t<\/div>\n\t\t\t\t<div class=\"elementor-column elementor-col-50 elementor-top-column elementor-element elementor-element-a2c2309\" data-id=\"a2c2309\" data-element_type=\"column\">\n\t\t\t<div class=\"elementor-widget-wrap elementor-element-populated\">\n\t\t\t\t\t\t<div class=\"elementor-element elementor-element-5f348ba elementor-widget elementor-widget-image\" data-id=\"5f348ba\" data-element_type=\"widget\" data-widget_type=\"image.default\">\n\t\t\t\t<div class=\"elementor-widget-container\">\n\t\t\t\t\t\t\t\t\t\t\t\t\t\t\t<img decoding=\"async\" width=\"800\" height=\"600\" src=\"http:\/\/yccf.it\/wp-content\/uploads\/2023\/06\/Yacht-club-Cala-del-forte_esterno.jpg\" class=\"attachment-full size-full wp-image-4757\" alt=\"\" srcset=\"http:\/\/yccf.it\/wp-content\/uploads\/2023\/06\/Yacht-club-Cala-del-forte_esterno.jpg 800w, http:\/\/yccf.it\/wp-content\/uploads\/2023\/06\/Yacht-club-Cala-del-forte_esterno-640x480.jpg 640w, http:\/\/yccf.it\/wp-content\/uploads\/2023\/06\/Yacht-club-Cala-del-forte_esterno-768x576.jpg 768w\" sizes=\"(max-width: 800px) 100vw, 800px\" \/>\t\t\t\t\t\t\t\t\t\t\t\t\t\t\t<\/div>\n\t\t\t\t<\/div>\n\t\t\t\t\t<\/div>\n\t\t<\/div>\n\t\t\t\t\t<\/div>\n\t\t<\/section>\n\t\t\t\t<section class=\"elementor-section elementor-top-section elementor-element elementor-element-0ab2457 elementor-section-content-middle elementor-section-boxed elementor-section-height-default elementor-section-height-default\" data-id=\"0ab2457\" data-element_type=\"section\">\n\t\t\t\t\t\t<div class=\"elementor-container elementor-column-gap-no\">\n\t\t\t\t\t<div class=\"elementor-column elementor-col-100 elementor-top-column elementor-element elementor-element-1b653fa\" data-id=\"1b653fa\" data-element_type=\"column\">\n\t\t\t<div class=\"elementor-widget-wrap elementor-element-populated\">\n\t\t\t\t\t\t<div class=\"elementor-element elementor-element-5ee082d elementor-widget elementor-widget-text-editor\" data-id=\"5ee082d\" data-element_type=\"widget\" data-widget_type=\"text-editor.default\">\n\t\t\t\t<div class=\"elementor-widget-container\">\n\t\t\t\t\t\t\t\t\t<p>Un point d&rsquo;information est \u00e9galement disponible \u00e0 la boutique Ship and Boat de notre membre Luca Fonte.<\/p>\t\t\t\t\t\t\t\t<\/div>\n\t\t\t\t<\/div>\n\t\t\t\t\t<\/div>\n\t\t<\/div>\n\t\t\t\t\t<\/div>\n\t\t<\/section>\n\t\t\t\t<section class=\"elementor-section elementor-top-section elementor-element elementor-element-c8900dd elementor-section-boxed elementor-section-height-default elementor-section-height-default\" data-id=\"c8900dd\" data-element_type=\"section\">\n\t\t\t\t\t\t<div class=\"elementor-container elementor-column-gap-no\">\n\t\t\t\t\t<div class=\"elementor-column elementor-col-100 elementor-top-column elementor-element elementor-element-6bf9226\" data-id=\"6bf9226\" data-element_type=\"column\" data-settings=\"{&quot;background_background&quot;:&quot;classic&quot;}\">\n\t\t\t<div class=\"elementor-widget-wrap elementor-element-populated\">\n\t\t\t\t\t\t<div class=\"elementor-element elementor-element-dc5d739 elementor-widget elementor-widget-image\" data-id=\"dc5d739\" data-element_type=\"widget\" data-widget_type=\"image.default\">\n\t\t\t\t<div class=\"elementor-widget-container\">\n\t\t\t\t\t\t\t\t\t\t\t\t\t\t\t<img decoding=\"async\" width=\"1224\" height=\"397\" src=\"http:\/\/yccf.it\/wp-content\/uploads\/2022\/03\/1-SHIP-AND-BOAT.jpg\" class=\"attachment-full size-full wp-image-2328\" alt=\"\" srcset=\"http:\/\/yccf.it\/wp-content\/uploads\/2022\/03\/1-SHIP-AND-BOAT.jpg 1224w, http:\/\/yccf.it\/wp-content\/uploads\/2022\/03\/1-SHIP-AND-BOAT-300x97.jpg 300w, http:\/\/yccf.it\/wp-content\/uploads\/2022\/03\/1-SHIP-AND-BOAT-1024x332.jpg 1024w, http:\/\/yccf.it\/wp-content\/uploads\/2022\/03\/1-SHIP-AND-BOAT-768x249.jpg 768w\" sizes=\"(max-width: 1224px) 100vw, 1224px\" \/>\t\t\t\t\t\t\t\t\t\t\t\t\t\t\t<\/div>\n\t\t\t\t<\/div>\n\t\t\t\t\t<\/div>\n\t\t<\/div>\n\t\t\t\t\t<\/div>\n\t\t<\/section>\n\t\t\t\t<\/div>\n\t\t","protected":false},"excerpt":{"rendered":"<p>Le Club Le Siege Social Le Club Le Si\u00e8ge social Le si\u00e8ge se trouve \u00e0 l&rsquo;int\u00e9rieur du port de Cala del Forte, sur le quai commercial pr\u00e8s du chantier naval. Un point d&rsquo;information est \u00e9galement disponible \u00e0 la boutique Ship and Boat de notre membre Luca Fonte.<\/p>\n","protected":false},"author":1,"featured_media":0,"parent":0,"menu_order":0,"comment_status":"closed","ping_status":"closed","template":"elementor_header_footer","meta":{"_acf_changed":false,"footnotes":""},"class_list":["post-2648","page","type-page","status-publish","hentry"],"acf":[],"_links":{"self":[{"href":"http:\/\/yccf.it\/fr\/wp-json\/wp\/v2\/pages\/2648","targetHints":{"allow":["GET"]}}],"collection":[{"href":"http:\/\/yccf.it\/fr\/wp-json\/wp\/v2\/pages"}],"about":[{"href":"http:\/\/yccf.it\/fr\/wp-json\/wp\/v2\/types\/page"}],"author":[{"embeddable":true,"href":"http:\/\/yccf.it\/fr\/wp-json\/wp\/v2\/users\/1"}],"replies":[{"embeddable":true,"href":"http:\/\/yccf.it\/fr\/wp-json\/wp\/v2\/comments?post=2648"}],"version-history":[{"count":0,"href":"http:\/\/yccf.it\/fr\/wp-json\/wp\/v2\/pages\/2648\/revisions"}],"wp:attachment":[{"href":"http:\/\/yccf.it\/fr\/wp-json\/wp\/v2\/media?parent=2648"}],"curies":[{"name":"wp","href":"https:\/\/api.w.org\/{rel}","templated":true}]}}