{"id":2679,"date":"2022-03-21T09:17:02","date_gmt":"2022-03-21T09:17:02","guid":{"rendered":"http:\/\/yccf.it\/scuola-vela\/"},"modified":"2022-05-09T13:37:51","modified_gmt":"2022-05-09T13:37:51","slug":"scuola-vela","status":"publish","type":"page","link":"http:\/\/yccf.it\/fr\/scuola-vela\/","title":{"rendered":"\u00c9cole de voile"},"content":{"rendered":"\t\t<div data-elementor-type=\"wp-page\" data-elementor-id=\"2679\" class=\"elementor elementor-2679 elementor-28\" data-elementor-post-type=\"page\">\n\t\t\t\t\t\t<section class=\"elementor-section elementor-top-section elementor-element elementor-element-b2207b6 elementor-section-boxed elementor-section-height-default elementor-section-height-default\" data-id=\"b2207b6\" data-element_type=\"section\">\n\t\t\t\t\t\t<div class=\"elementor-container elementor-column-gap-wide\">\n\t\t\t\t\t<div class=\"elementor-column elementor-col-100 elementor-top-column elementor-element elementor-element-c56d507\" data-id=\"c56d507\" data-element_type=\"column\">\n\t\t\t<div class=\"elementor-widget-wrap elementor-element-populated\">\n\t\t\t\t\t\t<div class=\"elementor-element elementor-element-4d532f5 elementor-widget elementor-widget-heading\" data-id=\"4d532f5\" data-element_type=\"widget\" data-widget_type=\"heading.default\">\n\t\t\t\t<div class=\"elementor-widget-container\">\n\t\t\t\t\t<h5 class=\"elementor-heading-title elementor-size-default\">Cours<\/h5>\t\t\t\t<\/div>\n\t\t\t\t<\/div>\n\t\t\t\t<div class=\"elementor-element elementor-element-446a818 elementor-widget elementor-widget-heading\" data-id=\"446a818\" data-element_type=\"widget\" data-widget_type=\"heading.default\">\n\t\t\t\t<div class=\"elementor-widget-container\">\n\t\t\t\t\t<h2 class=\"elementor-heading-title elementor-size-default\">L\u2019\u00e9cole de Voile<\/h2>\t\t\t\t<\/div>\n\t\t\t\t<\/div>\n\t\t\t\t<div class=\"elementor-element elementor-element-44fe0cd elementor-widget elementor-widget-text-editor\" data-id=\"44fe0cd\" data-element_type=\"widget\" data-widget_type=\"text-editor.default\">\n\t\t\t\t<div class=\"elementor-widget-container\">\n\t\t\t\t\t\t\t\t\tLa voile n&rsquo;est pas seulement un sport mais une grande le\u00e7on de vie : \u00ab\u00a0sur un voilier on apprend \u00e0 respecter le monde qui nous entoure, \u00e0 compter sur les autres et \u00e0 identifier rapidement ses limites.\u00a0\u00bb\t\t\t\t\t\t\t\t<\/div>\n\t\t\t\t<\/div>\n\t\t\t\t<div class=\"elementor-element elementor-element-824b102 elementor-hidden-tablet elementor-hidden-mobile elementor-widget elementor-widget-image\" data-id=\"824b102\" data-element_type=\"widget\" data-widget_type=\"image.default\">\n\t\t\t\t<div class=\"elementor-widget-container\">\n\t\t\t\t\t\t\t\t\t\t\t\t\t\t\t<img fetchpriority=\"high\" decoding=\"async\" width=\"1224\" height=\"400\" src=\"http:\/\/yccf.it\/wp-content\/uploads\/2022\/04\/Yacht-club-Cala-del-forte_scuola-vela-1.jpg\" class=\"attachment-full size-full wp-image-2436\" alt=\"\" srcset=\"http:\/\/yccf.it\/wp-content\/uploads\/2022\/04\/Yacht-club-Cala-del-forte_scuola-vela-1.jpg 1224w, http:\/\/yccf.it\/wp-content\/uploads\/2022\/04\/Yacht-club-Cala-del-forte_scuola-vela-1-640x209.jpg 640w, http:\/\/yccf.it\/wp-content\/uploads\/2022\/04\/Yacht-club-Cala-del-forte_scuola-vela-1-1024x335.jpg 1024w, http:\/\/yccf.it\/wp-content\/uploads\/2022\/04\/Yacht-club-Cala-del-forte_scuola-vela-1-768x251.jpg 768w\" sizes=\"(max-width: 1224px) 100vw, 1224px\" \/>\t\t\t\t\t\t\t\t\t\t\t\t\t\t\t<\/div>\n\t\t\t\t<\/div>\n\t\t\t\t\t<\/div>\n\t\t<\/div>\n\t\t\t\t\t<\/div>\n\t\t<\/section>\n\t\t\t\t<section class=\"elementor-section elementor-top-section elementor-element elementor-element-c1946ee elementor-hidden-desktop elementor-section-boxed elementor-section-height-default elementor-section-height-default\" data-id=\"c1946ee\" data-element_type=\"section\">\n\t\t\t\t\t\t<div class=\"elementor-container elementor-column-gap-no\">\n\t\t\t\t\t<div class=\"elementor-column elementor-col-100 elementor-top-column elementor-element elementor-element-c645511\" data-id=\"c645511\" data-element_type=\"column\">\n\t\t\t<div class=\"elementor-widget-wrap elementor-element-populated\">\n\t\t\t\t\t\t<div class=\"elementor-element elementor-element-bc7f109 elementor-widget elementor-widget-image\" data-id=\"bc7f109\" data-element_type=\"widget\" data-widget_type=\"image.default\">\n\t\t\t\t<div class=\"elementor-widget-container\">\n\t\t\t\t\t\t\t\t\t\t\t\t\t\t\t<img fetchpriority=\"high\" decoding=\"async\" width=\"1224\" height=\"400\" src=\"http:\/\/yccf.it\/wp-content\/uploads\/2022\/04\/Yacht-club-Cala-del-forte_scuola-vela-1.jpg\" class=\"attachment-full size-full wp-image-2436\" alt=\"\" srcset=\"http:\/\/yccf.it\/wp-content\/uploads\/2022\/04\/Yacht-club-Cala-del-forte_scuola-vela-1.jpg 1224w, http:\/\/yccf.it\/wp-content\/uploads\/2022\/04\/Yacht-club-Cala-del-forte_scuola-vela-1-640x209.jpg 640w, http:\/\/yccf.it\/wp-content\/uploads\/2022\/04\/Yacht-club-Cala-del-forte_scuola-vela-1-1024x335.jpg 1024w, http:\/\/yccf.it\/wp-content\/uploads\/2022\/04\/Yacht-club-Cala-del-forte_scuola-vela-1-768x251.jpg 768w\" sizes=\"(max-width: 1224px) 100vw, 1224px\" \/>\t\t\t\t\t\t\t\t\t\t\t\t\t\t\t<\/div>\n\t\t\t\t<\/div>\n\t\t\t\t\t<\/div>\n\t\t<\/div>\n\t\t\t\t\t<\/div>\n\t\t<\/section>\n\t\t\t\t<section class=\"elementor-section elementor-top-section elementor-element elementor-element-3eb22c4 elementor-hidden-tablet elementor-hidden-mobile elementor-section-boxed elementor-section-height-default elementor-section-height-default\" data-id=\"3eb22c4\" data-element_type=\"section\">\n\t\t\t\t\t\t<div class=\"elementor-container elementor-column-gap-wide\">\n\t\t\t\t\t<div class=\"elementor-column elementor-col-50 elementor-top-column elementor-element elementor-element-446fa53\" data-id=\"446fa53\" data-element_type=\"column\">\n\t\t\t<div class=\"elementor-widget-wrap elementor-element-populated\">\n\t\t\t\t\t\t<div class=\"elementor-element elementor-element-4a53ab0 elementor-widget elementor-widget-heading\" data-id=\"4a53ab0\" data-element_type=\"widget\" data-widget_type=\"heading.default\">\n\t\t\t\t<div class=\"elementor-widget-container\">\n\t\t\t\t\t<h3 class=\"elementor-heading-title elementor-size-default\">Apprenez \u00e0 faire \u00e9quipe et \u00e0 am\u00e9liorer l'environnement dans lequel vous vivez <\/h3>\t\t\t\t<\/div>\n\t\t\t\t<\/div>\n\t\t\t\t<div class=\"elementor-element elementor-element-5cbcbf6 elementor-widget elementor-widget-text-editor\" data-id=\"5cbcbf6\" data-element_type=\"widget\" data-widget_type=\"text-editor.default\">\n\t\t\t\t<div class=\"elementor-widget-container\">\n\t\t\t\t\t\t\t\t\tPour l&rsquo;\u00e9cole de voile, le Yacht Club Cala del Forte s&rsquo;appuie sur le Circolo Velico Ventimigliese, une association qui se distingue depuis des ann\u00e9es pour son activit\u00e9 jeunesse \u00e0 la fois dans l&rsquo;\u00e9cole de voile et dans les courses de comp\u00e9tition avec des r\u00e9gates sur les classes f\u00e9d\u00e9rales. Club enregistr\u00e9 aupr\u00e8s de la F\u00e9d\u00e9ration Italienne de Voile depuis 1936, r\u00e9compens\u00e9 par le CONI en 1977 avec l&rsquo;\u00c9toile de Bronze et en 2016 avec l&rsquo;\u00c9toile d&rsquo;Argent pour le m\u00e9rite sportif.\t\t\t\t\t\t\t\t<\/div>\n\t\t\t\t<\/div>\n\t\t\t\t<section class=\"elementor-section elementor-inner-section elementor-element elementor-element-b0afedd elementor-section-boxed elementor-section-height-default elementor-section-height-default\" data-id=\"b0afedd\" data-element_type=\"section\" data-settings=\"{&quot;background_background&quot;:&quot;classic&quot;}\">\n\t\t\t\t\t\t<div class=\"elementor-container elementor-column-gap-default\">\n\t\t\t\t\t<div class=\"elementor-column elementor-col-100 elementor-inner-column elementor-element elementor-element-2ea44af\" data-id=\"2ea44af\" data-element_type=\"column\">\n\t\t\t<div class=\"elementor-widget-wrap elementor-element-populated\">\n\t\t\t\t\t\t<div class=\"elementor-element elementor-element-4609007 elementor-widget elementor-widget-text-editor\" data-id=\"4609007\" data-element_type=\"widget\" data-widget_type=\"text-editor.default\">\n\t\t\t\t<div class=\"elementor-widget-container\">\n\t\t\t\t\t\t\t\t\t<b>COURS ENFANTS \/ GAR\u00c7ONS <\/b> <br>\nRoberto Lorenzi: <a href=\"http:\/\/+393408126434\">+39 3408126434<\/a> <br>\nPaola Viale: <a href=\"http:\/\/tel:+393392123608\">+39 3392123608<\/a> <br> <br>\n\n<b>POUR LES ADULTES INT\u00c9RESS\u00c9S<\/b><br>\nAlessio Lorenzi: <a href=\"http:\/\/tel:+393392123608\">+39 3392123608<\/a>\t\t\t\t\t\t\t\t<\/div>\n\t\t\t\t<\/div>\n\t\t\t\t\t<\/div>\n\t\t<\/div>\n\t\t\t\t\t<\/div>\n\t\t<\/section>\n\t\t\t\t<div class=\"elementor-element elementor-element-278e32e elementor-widget elementor-widget-text-editor\" data-id=\"278e32e\" data-element_type=\"widget\" data-widget_type=\"text-editor.default\">\n\t\t\t\t<div class=\"elementor-widget-container\">\n\t\t\t\t\t\t\t\t\tVisitez le site du Circolo Velico Ventimigliese 1936\nLungomare Varaldo, 4, Ventimiglia (IM)\t\t\t\t\t\t\t\t<\/div>\n\t\t\t\t<\/div>\n\t\t\t\t<div class=\"elementor-element elementor-element-3dbae33 elementor-align-center elementor-widget elementor-widget-button\" data-id=\"3dbae33\" data-element_type=\"widget\" data-widget_type=\"button.default\">\n\t\t\t\t<div class=\"elementor-widget-container\">\n\t\t\t\t\t\t\t\t\t<div class=\"elementor-button-wrapper\">\n\t\t\t\t\t<a class=\"elementor-button elementor-button-link elementor-size-xs\" href=\"https:\/\/www.circolovelicoventimigliese.it\/\" target=\"_blank\" rel=\"nofollow\">\n\t\t\t\t\t\t<span class=\"elementor-button-content-wrapper\">\n\t\t\t\t\t\t\t\t\t<span class=\"elementor-button-text\">CIRCOLO VENTIMIGLIESE<\/span>\n\t\t\t\t\t<\/span>\n\t\t\t\t\t<\/a>\n\t\t\t\t<\/div>\n\t\t\t\t\t\t\t\t<\/div>\n\t\t\t\t<\/div>\n\t\t\t\t\t<\/div>\n\t\t<\/div>\n\t\t\t\t<div class=\"elementor-column elementor-col-50 elementor-top-column elementor-element elementor-element-f796ac0\" data-id=\"f796ac0\" data-element_type=\"column\">\n\t\t\t<div class=\"elementor-widget-wrap elementor-element-populated\">\n\t\t\t\t\t\t<div class=\"elementor-element elementor-element-1ae3a3e elementor-widget elementor-widget-image\" data-id=\"1ae3a3e\" data-element_type=\"widget\" data-widget_type=\"image.default\">\n\t\t\t\t<div class=\"elementor-widget-container\">\n\t\t\t\t\t\t\t\t\t\t\t\t\t\t\t<img decoding=\"async\" width=\"496\" height=\"551\" src=\"http:\/\/yccf.it\/wp-content\/uploads\/2022\/03\/Scuola-vela.jpg\" class=\"attachment-full size-full wp-image-2391\" alt=\"\" \/>\t\t\t\t\t\t\t\t\t\t\t\t\t\t\t<\/div>\n\t\t\t\t<\/div>\n\t\t\t\t\t<\/div>\n\t\t<\/div>\n\t\t\t\t\t<\/div>\n\t\t<\/section>\n\t\t\t\t<section class=\"elementor-section elementor-top-section elementor-element elementor-element-a5ad045 elementor-hidden-desktop elementor-section-boxed elementor-section-height-default elementor-section-height-default\" data-id=\"a5ad045\" data-element_type=\"section\">\n\t\t\t\t\t\t<div class=\"elementor-container elementor-column-gap-wide\">\n\t\t\t\t\t<div class=\"elementor-column elementor-col-100 elementor-top-column elementor-element elementor-element-b47e685\" data-id=\"b47e685\" data-element_type=\"column\">\n\t\t\t<div class=\"elementor-widget-wrap elementor-element-populated\">\n\t\t\t\t\t\t<div class=\"elementor-element elementor-element-d7054b8 elementor-widget elementor-widget-heading\" data-id=\"d7054b8\" data-element_type=\"widget\" data-widget_type=\"heading.default\">\n\t\t\t\t<div class=\"elementor-widget-container\">\n\t\t\t\t\t<h3 class=\"elementor-heading-title elementor-size-default\">Apprenez \u00e0 faire \u00e9quipe et \u00e0 am\u00e9liorer l'environnement dans lequel vous vivez<\/h3>\t\t\t\t<\/div>\n\t\t\t\t<\/div>\n\t\t\t\t<div class=\"elementor-element elementor-element-258d228 elementor-widget elementor-widget-text-editor\" data-id=\"258d228\" data-element_type=\"widget\" data-widget_type=\"text-editor.default\">\n\t\t\t\t<div class=\"elementor-widget-container\">\n\t\t\t\t\t\t\t\t\tPour l&rsquo;\u00e9cole de voile, le Yacht Club Cala del Forte s&rsquo;appuie sur le Circolo Velico Ventimigliese, une association qui se distingue depuis des ann\u00e9es pour son activit\u00e9 jeunesse \u00e0 la fois dans l&rsquo;\u00e9cole de voile et dans les courses de comp\u00e9tition avec des r\u00e9gates sur les classes f\u00e9d\u00e9rales. Club enregistr\u00e9 aupr\u00e8s de la F\u00e9d\u00e9ration Italienne de Voile depuis 1936, r\u00e9compens\u00e9 par le CONI en 1977 avec l&rsquo;\u00c9toile de Bronze et en 2016 avec l&rsquo;\u00c9toile d&rsquo;Argent pour le m\u00e9rite sportif.\t\t\t\t\t\t\t\t<\/div>\n\t\t\t\t<\/div>\n\t\t\t\t\t<\/div>\n\t\t<\/div>\n\t\t\t\t\t<\/div>\n\t\t<\/section>\n\t\t\t\t<section class=\"elementor-section elementor-top-section elementor-element elementor-element-f009ff0 elementor-hidden-desktop elementor-section-boxed elementor-section-height-default elementor-section-height-default\" data-id=\"f009ff0\" data-element_type=\"section\">\n\t\t\t\t\t\t<div class=\"elementor-container elementor-column-gap-wide\">\n\t\t\t\t\t<div class=\"elementor-column elementor-col-50 elementor-top-column elementor-element elementor-element-a5b17d8\" data-id=\"a5b17d8\" data-element_type=\"column\">\n\t\t\t<div class=\"elementor-widget-wrap elementor-element-populated\">\n\t\t\t\t\t\t<section class=\"elementor-section elementor-inner-section elementor-element elementor-element-c9c4229 elementor-section-boxed elementor-section-height-default elementor-section-height-default\" data-id=\"c9c4229\" data-element_type=\"section\" data-settings=\"{&quot;background_background&quot;:&quot;classic&quot;}\">\n\t\t\t\t\t\t<div class=\"elementor-container elementor-column-gap-default\">\n\t\t\t\t\t<div class=\"elementor-column elementor-col-100 elementor-inner-column elementor-element elementor-element-7dbc87b\" data-id=\"7dbc87b\" data-element_type=\"column\">\n\t\t\t<div class=\"elementor-widget-wrap elementor-element-populated\">\n\t\t\t\t\t\t<div class=\"elementor-element elementor-element-cd12c49 elementor-widget elementor-widget-text-editor\" data-id=\"cd12c49\" data-element_type=\"widget\" data-widget_type=\"text-editor.default\">\n\t\t\t\t<div class=\"elementor-widget-container\">\n\t\t\t\t\t\t\t\t\t<b>COURS ENFANTS \/ GAR\u00c7ONS\n<\/b><br>Roberto Lorenzi: <a href=\"http:\/\/+393408126434\">+39 3408126434<\/a> <br>\nPaola Viale: <a href=\"http:\/\/tel:+393392123608\">+39 3392123608<\/a><br> <br>\n\n<b>POUR LES ADULTES INT\u00c9RESS\u00c9S<\/b><br>\nAlessio Lorenzi: <a href=\"http:\/\/tel:+393392123608\">+39 3392123608<\/a>\t\t\t\t\t\t\t\t<\/div>\n\t\t\t\t<\/div>\n\t\t\t\t\t<\/div>\n\t\t<\/div>\n\t\t\t\t\t<\/div>\n\t\t<\/section>\n\t\t\t\t<div class=\"elementor-element elementor-element-8e4354d elementor-widget elementor-widget-text-editor\" data-id=\"8e4354d\" data-element_type=\"widget\" data-widget_type=\"text-editor.default\">\n\t\t\t\t<div class=\"elementor-widget-container\">\n\t\t\t\t\t\t\t\t\tVisitez le site du Circolo Velico Ventimigliese 1936\nLungomare Varaldo, 4, Ventimiglia (IM)\t\t\t\t\t\t\t\t<\/div>\n\t\t\t\t<\/div>\n\t\t\t\t<div class=\"elementor-element elementor-element-0895949 elementor-align-center elementor-widget elementor-widget-button\" data-id=\"0895949\" data-element_type=\"widget\" data-widget_type=\"button.default\">\n\t\t\t\t<div class=\"elementor-widget-container\">\n\t\t\t\t\t\t\t\t\t<div class=\"elementor-button-wrapper\">\n\t\t\t\t\t<a class=\"elementor-button elementor-button-link elementor-size-xs\" href=\"https:\/\/www.circolovelicoventimigliese.it\/\" target=\"_blank\" rel=\"nofollow\">\n\t\t\t\t\t\t<span class=\"elementor-button-content-wrapper\">\n\t\t\t\t\t\t\t\t\t<span class=\"elementor-button-text\">CIRCOLO VENTIMIGLIESE<\/span>\n\t\t\t\t\t<\/span>\n\t\t\t\t\t<\/a>\n\t\t\t\t<\/div>\n\t\t\t\t\t\t\t\t<\/div>\n\t\t\t\t<\/div>\n\t\t\t\t\t<\/div>\n\t\t<\/div>\n\t\t\t\t<div class=\"elementor-column elementor-col-50 elementor-top-column elementor-element elementor-element-398c697\" data-id=\"398c697\" data-element_type=\"column\">\n\t\t\t<div class=\"elementor-widget-wrap elementor-element-populated\">\n\t\t\t\t\t\t<div class=\"elementor-element elementor-element-e0a37da elementor-widget elementor-widget-image\" data-id=\"e0a37da\" data-element_type=\"widget\" data-widget_type=\"image.default\">\n\t\t\t\t<div class=\"elementor-widget-container\">\n\t\t\t\t\t\t\t\t\t\t\t\t\t\t\t<img decoding=\"async\" width=\"496\" height=\"551\" src=\"http:\/\/yccf.it\/wp-content\/uploads\/2022\/03\/Scuola-vela.jpg\" class=\"attachment-full size-full wp-image-2391\" alt=\"\" \/>\t\t\t\t\t\t\t\t\t\t\t\t\t\t\t<\/div>\n\t\t\t\t<\/div>\n\t\t\t\t\t<\/div>\n\t\t<\/div>\n\t\t\t\t\t<\/div>\n\t\t<\/section>\n\t\t\t\t<\/div>\n\t\t","protected":false},"excerpt":{"rendered":"<p>Cours L\u2019\u00e9cole de Voile La voile n&rsquo;est pas seulement un sport mais une grande le\u00e7on de vie : \u00ab\u00a0sur un voilier on apprend \u00e0 respecter le monde qui nous entoure, \u00e0 compter sur les autres et \u00e0 identifier rapidement ses limites.\u00a0\u00bb Apprenez \u00e0 faire \u00e9quipe et \u00e0 am\u00e9liorer l&rsquo;environnement dans lequel vous vivez Pour l&rsquo;\u00e9cole [&hellip;]<\/p>\n","protected":false},"author":1,"featured_media":0,"parent":0,"menu_order":0,"comment_status":"closed","ping_status":"closed","template":"elementor_header_footer","meta":{"_acf_changed":false,"footnotes":""},"class_list":["post-2679","page","type-page","status-publish","hentry"],"acf":[],"_links":{"self":[{"href":"http:\/\/yccf.it\/fr\/wp-json\/wp\/v2\/pages\/2679","targetHints":{"allow":["GET"]}}],"collection":[{"href":"http:\/\/yccf.it\/fr\/wp-json\/wp\/v2\/pages"}],"about":[{"href":"http:\/\/yccf.it\/fr\/wp-json\/wp\/v2\/types\/page"}],"author":[{"embeddable":true,"href":"http:\/\/yccf.it\/fr\/wp-json\/wp\/v2\/users\/1"}],"replies":[{"embeddable":true,"href":"http:\/\/yccf.it\/fr\/wp-json\/wp\/v2\/comments?post=2679"}],"version-history":[{"count":0,"href":"http:\/\/yccf.it\/fr\/wp-json\/wp\/v2\/pages\/2679\/revisions"}],"wp:attachment":[{"href":"http:\/\/yccf.it\/fr\/wp-json\/wp\/v2\/media?parent=2679"}],"curies":[{"name":"wp","href":"https:\/\/api.w.org\/{rel}","templated":true}]}}